{"id":1228,"date":"2024-03-22T20:24:26","date_gmt":"2024-03-22T20:24:26","guid":{"rendered":"https:\/\/themes.estudiopatagon.com\/wordpress\/zento\/?page_id=1228"},"modified":"2026-01-03T14:49:40","modified_gmt":"2026-01-03T11:49:40","slug":"kategorilerimi-kesfedin","status":"publish","type":"page","link":"https:\/\/tuncersen.com.tr\/blog\/kategorilerimi-kesfedin","title":{"rendered":"Kategorilerimi Ke\u015ffedin \u2728"},"content":{"rendered":"\r\n<p>Dijital d\u00fcnyada ger\u00e7ekten i\u015fe yarayan bilgiyi bulmak her zaman kolay de\u011fil.<br data-start=\"539\" data-end=\"542\" \/>Bu sayfada; g\u00fcvenlikten yapay zek\u00e2ya, SEO\u2019dan WordPress\u2019e kadar farkl\u0131 ba\u015fl\u0131klar alt\u0131nda yay\u0131mlad\u0131\u011f\u0131m rehberler, analizler ve pratik \u00e7\u00f6z\u00fcmler yer al\u0131yor. \u0130lginizi \u00e7eken kategoriyi se\u00e7erek do\u011frudan arad\u0131\u011f\u0131n\u0131z bilgiye ula\u015fabilir, g\u00fcncel ve sade anlat\u0131mlarla konular\u0131 h\u0131zl\u0131ca kavrayabilirsiniz.<\/p>\r\n","protected":false},"excerpt":{"rendered":"<p>Dijital d\u00fcnyada ger\u00e7ekten i\u015fe yarayan bilgiyi bulmak her zaman kolay de\u011fil.Bu sayfada; g\u00fcvenlikten yapay zek\u00e2ya, SEO\u2019dan WordPress\u2019e kadar farkl\u0131 ba\u015fl\u0131klar alt\u0131nda yay\u0131mlad\u0131\u011f\u0131m rehberler, analizler ve&#8230;<\/p>\n","protected":false},"author":1,"featured_media":0,"parent":0,"menu_order":0,"comment_status":"closed","ping_status":"closed","template":"page-templates\/page-explore-tags.php","meta":{"footnotes":""},"class_list":["post-1228","page","type-page","status-publish","hentry"],"_links":{"self":[{"href":"https:\/\/tuncersen.com.tr\/blog\/wp-json\/wp\/v2\/pages\/1228","targetHints":{"allow":["GET"]}}],"collection":[{"href":"https:\/\/tuncersen.com.tr\/blog\/wp-json\/wp\/v2\/pages"}],"about":[{"href":"https:\/\/tuncersen.com.tr\/blog\/wp-json\/wp\/v2\/types\/page"}],"author":[{"embeddable":true,"href":"https:\/\/tuncersen.com.tr\/blog\/wp-json\/wp\/v2\/users\/1"}],"replies":[{"embeddable":true,"href":"https:\/\/tuncersen.com.tr\/blog\/wp-json\/wp\/v2\/comments?post=1228"}],"version-history":[{"count":0,"href":"https:\/\/tuncersen.com.tr\/blog\/wp-json\/wp\/v2\/pages\/1228\/revisions"}],"wp:attachment":[{"href":"https:\/\/tuncersen.com.tr\/blog\/wp-json\/wp\/v2\/media?parent=1228"}],"curies":[{"name":"wp","href":"https:\/\/api.w.org\/{rel}","templated":true}]}}